{"id":8671,"date":"2019-06-22T02:32:02","date_gmt":"2019-06-22T00:32:02","guid":{"rendered":"https:\/\/laspalmeras.akimedia.eu\/presentation\/"},"modified":"2025-10-17T22:09:49","modified_gmt":"2025-10-17T20:09:49","slug":"presentation","status":"publish","type":"page","link":"https:\/\/villacalheta.pt\/en\/presentation\/","title":{"rendered":"Presentation"},"content":{"rendered":"\t\t<div data-elementor-type=\"wp-post\" data-elementor-id=\"8671\" class=\"elementor elementor-8671 elementor-2336\">\n\t\t\t\t\t\t<section class=\"elementor-section elementor-top-section elementor-element elementor-element-166e52b elementor-section-stretched elementor-section-content-middle elementor-section-boxed elementor-section-height-default elementor-section-height-default\" data-id=\"166e52b\" data-element_type=\"section\" data-settings=\"{&quot;stretch_section&quot;:&quot;section-stretched&quot;,&quot;background_background&quot;:&quot;classic&quot;}\">\n\t\t\t\t\t\t<div class=\"elementor-container elementor-column-gap-extended\">\n\t\t\t\t\t<div class=\"elementor-column elementor-col-50 elementor-top-column elementor-element elementor-element-b8b93d1 apus-about-intro-photo\" data-id=\"b8b93d1\" data-element_type=\"column\" data-settings=\"{&quot;background_background&quot;:&quot;classic&quot;}\">\n\t\t\t<div class=\"elementor-widget-wrap elementor-element-populated\">\n\t\t\t\t\t\t<div class=\"elementor-element elementor-element-a9948a9 elementor-widget elementor-widget-image\" data-id=\"a9948a9\" data-element_type=\"widget\" data-widget_type=\"image.default\">\n\t\t\t\t<div class=\"elementor-widget-container\">\n\t\t\t\t\t\t\t\t\t\t\t\t\t\t\t<img fetchpriority=\"high\" decoding=\"async\" width=\"1200\" height=\"800\" src=\"https:\/\/villacalheta.pt\/wp-content\/uploads\/2025\/09\/IMG20250902202303-1200x800.jpg\" class=\"attachment-post-thumbnail size-post-thumbnail wp-image-9413\" alt=\"\" \/>\t\t\t\t\t\t\t\t\t\t\t\t\t\t\t<\/div>\n\t\t\t\t<\/div>\n\t\t\t\t\t<\/div>\n\t\t<\/div>\n\t\t\t\t<div class=\"elementor-column elementor-col-50 elementor-top-column elementor-element elementor-element-7ab5ce8 margin-left-65\" data-id=\"7ab5ce8\" data-element_type=\"column\" data-settings=\"{&quot;background_background&quot;:&quot;classic&quot;}\">\n\t\t\t<div class=\"elementor-widget-wrap elementor-element-populated\">\n\t\t\t\t\t\t<div class=\"elementor-element elementor-element-31f0954 apus-heading-about elementor-widget elementor-widget-heading\" data-id=\"31f0954\" data-element_type=\"widget\" data-widget_type=\"heading.default\">\n\t\t\t\t<div class=\"elementor-widget-container\">\n\t\t\t\t\t<h2 class=\"elementor-heading-title elementor-size-default\">Villa Calheta \u2013 <span class=\"text-theme\">Mad\u00e8re<\/span><\/h2>\t\t\t\t<\/div>\n\t\t\t\t<\/div>\n\t\t\t\t<div class=\"elementor-element elementor-element-eefb257 elementor-widget elementor-widget-heading\" data-id=\"eefb257\" data-element_type=\"widget\" data-widget_type=\"heading.default\">\n\t\t\t\t<div class=\"elementor-widget-container\">\n\t\t\t\t\t<p class=\"elementor-heading-title elementor-size-default\">Cette authentique villa familiale est situ\u00e9e en plein centre du village de Lajares et vient d\u2019\u00eatre enti\u00e8rement r\u00e9nov\u00e9e.<br><br>La localisation ultra centrale de cette maison permet de rejoindre le centre de Lajares \u00e0 pied pour profiter de ses nombreux commerces : restaurants, boulangeries, supermarch\u00e9, pharmacie, surf shops, location de VTT, march\u00e9 artisanal hebdomadaire, \u2026<br><br>Le magnifique village de p\u00eacheurs \u00ab&nbsp;El Cotillo&nbsp;\u00bb est situ\u00e9 \u00e0 10 minutes de route vers l\u2019ouest. Vous y trouverez bons nombres de plages am\u00e9nag\u00e9es et aussi d\u2019autres spots beaucoup plus sauvages.<\/p>\t\t\t\t<\/div>\n\t\t\t\t<\/div>\n\t\t\t\t<div class=\"elementor-element elementor-element-c537665 elementor-align-left elementor-widget elementor-widget-button\" data-id=\"c537665\" data-element_type=\"widget\" data-widget_type=\"button.default\">\n\t\t\t\t<div class=\"elementor-widget-container\">\n\t\t\t\t\t\t\t\t\t<div class=\"elementor-button-wrapper\">\n\t\t\t\t\t<a class=\"elementor-button elementor-button-link elementor-size-sm\" href=\"https:\/\/villacalheta.pt\/en\/?page_id=8765\">\n\t\t\t\t\t\t<span class=\"elementor-button-content-wrapper\">\n\t\t\t\t\t\t\t\t\t<span class=\"elementor-button-text\">R\u00e9servations<\/span>\n\t\t\t\t\t<\/span>\n\t\t\t\t\t<\/a>\n\t\t\t\t<\/div>\n\t\t\t\t\t\t\t\t<\/div>\n\t\t\t\t<\/div>\n\t\t\t\t\t<\/div>\n\t\t<\/div>\n\t\t\t\t\t<\/div>\n\t\t<\/section>\n\t\t\t\t<section class=\"elementor-section elementor-top-section elementor-element elementor-element-79c87bc elementor-section-stretched elementor-section-content-middle elementor-section-boxed elementor-section-height-default elementor-section-height-default\" data-id=\"79c87bc\" data-element_type=\"section\" data-settings=\"{&quot;stretch_section&quot;:&quot;section-stretched&quot;,&quot;background_background&quot;:&quot;classic&quot;}\">\n\t\t\t\t\t\t<div class=\"elementor-container elementor-column-gap-extended\">\n\t\t\t\t\t<div class=\"elementor-column elementor-col-50 elementor-top-column elementor-element elementor-element-7a16e51\" data-id=\"7a16e51\" data-element_type=\"column\" data-settings=\"{&quot;background_background&quot;:&quot;classic&quot;}\">\n\t\t\t<div class=\"elementor-widget-wrap elementor-element-populated\">\n\t\t\t\t\t\t<div class=\"elementor-element elementor-element-2a23bd7 apus-heading-about elementor-widget elementor-widget-heading\" data-id=\"2a23bd7\" data-element_type=\"widget\" data-widget_type=\"heading.default\">\n\t\t\t\t<div class=\"elementor-widget-container\">\n\t\t\t\t\t<h2 class=\"elementor-heading-title elementor-size-default\">Notre villa a \u00e9t\u00e9 con\u00e7ue <span class=\"text-theme\">pour s'adapter \u00e0 vos besoins :<\/span><\/h2>\t\t\t\t<\/div>\n\t\t\t\t<\/div>\n\t\t\t\t<div class=\"elementor-element elementor-element-26c0622 elementor-widget elementor-widget-text-editor\" data-id=\"26c0622\" data-element_type=\"widget\" data-widget_type=\"text-editor.default\">\n\t\t\t\t<div class=\"elementor-widget-container\">\n\t\t\t\t\t\t\t\t\t<p>Location Int\u00e9grale : La maison peut \u00eatre lou\u00e9e dans son int\u00e9gralit\u00e9, ce qui la rend id\u00e9ale pour les voyages en famille nombreuse ou pour des escapades entre plusieurs couples d&#8217;amis souhaitant partager des moments tout en ayant chacun son propre espace.<\/p><p>Location Individuelle : Alternativement, vous pouvez opter pour la location d&#8217;un seul appartement : Le Phare, Le Patio ou Le Jardin. Ces trois unit\u00e9s sont totalement ind\u00e9pendantes et offrent une intimit\u00e9 pr\u00e9serv\u00e9e gr\u00e2ce \u00e0 des acc\u00e8s et des espaces ext\u00e9rieurs distincts.<\/p><p>Que vous recherchiez un lieu de rassemblement pour votre tribu ou un nid douillet pour votre couple, vous profiterez de la s\u00e9r\u00e9nit\u00e9 et de l&#8217;environnement \u00e9poustouflant de Calheta.&lt;br&gt;&lt;br&gt;<\/p>\t\t\t\t\t\t\t\t<\/div>\n\t\t\t\t<\/div>\n\t\t\t\t<div class=\"elementor-element elementor-element-3361fd0 elementor-align-left elementor-widget elementor-widget-button\" data-id=\"3361fd0\" data-element_type=\"widget\" data-widget_type=\"button.default\">\n\t\t\t\t<div class=\"elementor-widget-container\">\n\t\t\t\t\t\t\t\t\t<div class=\"elementor-button-wrapper\">\n\t\t\t\t\t<a class=\"elementor-button elementor-button-link elementor-size-sm\" href=\"https:\/\/villacalheta.pt\/en\/?page_id=8765\">\n\t\t\t\t\t\t<span class=\"elementor-button-content-wrapper\">\n\t\t\t\t\t\t\t\t\t<span class=\"elementor-button-text\">R\u00e9servations<\/span>\n\t\t\t\t\t<\/span>\n\t\t\t\t\t<\/a>\n\t\t\t\t<\/div>\n\t\t\t\t\t\t\t\t<\/div>\n\t\t\t\t<\/div>\n\t\t\t\t\t<\/div>\n\t\t<\/div>\n\t\t\t\t<div class=\"elementor-column elementor-col-50 elementor-top-column elementor-element elementor-element-8cc15d9 apus-about-intro-photo\" data-id=\"8cc15d9\" data-element_type=\"column\" data-settings=\"{&quot;background_background&quot;:&quot;classic&quot;}\">\n\t\t\t<div class=\"elementor-widget-wrap elementor-element-populated\">\n\t\t\t\t\t\t<div class=\"elementor-element elementor-element-eeaf6cf elementor-widget elementor-widget-image\" data-id=\"eeaf6cf\" data-element_type=\"widget\" data-widget_type=\"image.default\">\n\t\t\t\t<div class=\"elementor-widget-container\">\n\t\t\t\t\t\t\t\t\t\t\t\t\t\t\t<img decoding=\"async\" width=\"1200\" height=\"800\" src=\"https:\/\/villacalheta.pt\/wp-content\/uploads\/2025\/09\/dji_fly_20250101_171312_0325_1735752064756_photo-1200x800.jpg\" class=\"attachment-post-thumbnail size-post-thumbnail wp-image-9332\" alt=\"\" \/>\t\t\t\t\t\t\t\t\t\t\t\t\t\t\t<\/div>\n\t\t\t\t<\/div>\n\t\t\t\t\t<\/div>\n\t\t<\/div>\n\t\t\t\t\t<\/div>\n\t\t<\/section>\n\t\t\t\t<section class=\"elementor-section elementor-top-section elementor-element elementor-element-495a59d elementor-section-stretched elementor-section-boxed elementor-section-height-default elementor-section-height-default\" data-id=\"495a59d\" data-element_type=\"section\" data-settings=\"{&quot;stretch_section&quot;:&quot;section-stretched&quot;}\">\n\t\t\t\t\t\t<div class=\"elementor-container elementor-column-gap-extended\">\n\t\t\t\t\t<div class=\"elementor-column elementor-col-100 elementor-top-column elementor-element elementor-element-a626f77\" data-id=\"a626f77\" data-element_type=\"column\">\n\t\t\t<div class=\"elementor-widget-wrap elementor-element-populated\">\n\t\t\t\t\t\t<section class=\"elementor-section elementor-inner-section elementor-element elementor-element-452d5ca elementor-section-boxed elementor-section-height-default elementor-section-height-default\" data-id=\"452d5ca\" data-element_type=\"section\">\n\t\t\t\t\t\t<div class=\"elementor-container elementor-column-gap-extended\">\n\t\t\t\t\t<div class=\"elementor-column elementor-col-33 elementor-inner-column elementor-element elementor-element-5b67bad\" data-id=\"5b67bad\" data-element_type=\"column\">\n\t\t\t<div class=\"elementor-widget-wrap elementor-element-populated\">\n\t\t\t\t\t\t<div class=\"elementor-element elementor-element-0107951 elementor-widget elementor-widget-counter\" data-id=\"0107951\" data-element_type=\"widget\" data-widget_type=\"counter.default\">\n\t\t\t\t<div class=\"elementor-widget-container\">\n\t\t\t\t\t\t\t<div class=\"elementor-counter\">\n\t\t\t<div class=\"elementor-counter-title\">m2 habitables<\/div>\t\t\t<div class=\"elementor-counter-number-wrapper\">\n\t\t\t\t<span class=\"elementor-counter-number-prefix\"><\/span>\n\t\t\t\t<span class=\"elementor-counter-number\" data-duration=\"2000\" data-to-value=\"150\" data-from-value=\"0\" data-delimiter=\",\">0<\/span>\n\t\t\t\t<span class=\"elementor-counter-number-suffix\"><\/span>\n\t\t\t<\/div>\n\t\t<\/div>\n\t\t\t\t\t\t<\/div>\n\t\t\t\t<\/div>\n\t\t\t\t\t<\/div>\n\t\t<\/div>\n\t\t\t\t<div class=\"elementor-column elementor-col-33 elementor-inner-column elementor-element elementor-element-39906ee\" data-id=\"39906ee\" data-element_type=\"column\">\n\t\t\t<div class=\"elementor-widget-wrap elementor-element-populated\">\n\t\t\t\t\t\t<div class=\"elementor-element elementor-element-b7e5cda elementor-widget elementor-widget-counter\" data-id=\"b7e5cda\" data-element_type=\"widget\" data-widget_type=\"counter.default\">\n\t\t\t\t<div class=\"elementor-widget-container\">\n\t\t\t\t\t\t\t<div class=\"elementor-counter\">\n\t\t\t<div class=\"elementor-counter-title\">Chambres doubles<\/div>\t\t\t<div class=\"elementor-counter-number-wrapper\">\n\t\t\t\t<span class=\"elementor-counter-number-prefix\"><\/span>\n\t\t\t\t<span class=\"elementor-counter-number\" data-duration=\"2000\" data-to-value=\"3\" data-from-value=\"0\" data-delimiter=\",\">0<\/span>\n\t\t\t\t<span class=\"elementor-counter-number-suffix\"><\/span>\n\t\t\t<\/div>\n\t\t<\/div>\n\t\t\t\t\t\t<\/div>\n\t\t\t\t<\/div>\n\t\t\t\t\t<\/div>\n\t\t<\/div>\n\t\t\t\t<div class=\"elementor-column elementor-col-33 elementor-inner-column elementor-element elementor-element-09a4e07\" data-id=\"09a4e07\" data-element_type=\"column\">\n\t\t\t<div class=\"elementor-widget-wrap elementor-element-populated\">\n\t\t\t\t\t\t<div class=\"elementor-element elementor-element-5f4de55 elementor-widget elementor-widget-counter\" data-id=\"5f4de55\" data-element_type=\"widget\" data-widget_type=\"counter.default\">\n\t\t\t\t<div class=\"elementor-widget-container\">\n\t\t\t\t\t\t\t<div class=\"elementor-counter\">\n\t\t\t<div class=\"elementor-counter-title\">Salles de douche<\/div>\t\t\t<div class=\"elementor-counter-number-wrapper\">\n\t\t\t\t<span class=\"elementor-counter-number-prefix\"><\/span>\n\t\t\t\t<span class=\"elementor-counter-number\" data-duration=\"2000\" data-to-value=\"10\" data-from-value=\"0\" data-delimiter=\",\">0<\/span>\n\t\t\t\t<span class=\"elementor-counter-number-suffix\"><\/span>\n\t\t\t<\/div>\n\t\t<\/div>\n\t\t\t\t\t\t<\/div>\n\t\t\t\t<\/div>\n\t\t\t\t\t<\/div>\n\t\t<\/div>\n\t\t\t\t\t<\/div>\n\t\t<\/section>\n\t\t\t\t\t<\/div>\n\t\t<\/div>\n\t\t\t\t\t<\/div>\n\t\t<\/section>\n\t\t\t\t<\/div>\n\t\t","protected":false},"excerpt":{"rendered":"<p>Villa Calheta \u2013 Mad\u00e8re Cette authentique villa familiale est situ\u00e9e en plein centre du village de Lajares et vient d\u2019\u00eatre enti\u00e8rement r\u00e9nov\u00e9e. La localisation ultra centrale de cette maison permet de rejoindre le centre de Lajares \u00e0 pied pour profiter de ses nombreux commerces : restaurants, boulangeries, supermarch\u00e9, pharmacie, surf shops, location de VTT, march\u00e9 &hellip; <br \/><a href=\"https:\/\/villacalheta.pt\/en\/presentation\/\" class=\"more-link\">Continue reading <span class=\"screen-reader-text\">Presentation<\/span><\/a><\/p>\n","protected":false},"author":1,"featured_media":8484,"parent":0,"menu_order":0,"comment_status":"closed","ping_status":"closed","template":"page.php","meta":{"footnotes":""},"class_list":["post-8671","page","type-page","status-publish","has-post-thumbnail","hentry"],"yoast_head":"<!-- This site is optimized with the Yoast SEO plugin v26.2 - https:\/\/yoast.com\/wordpress\/plugins\/seo\/ -->\n<title>Presentation &#8226; Villa Calheta \u2013 Mad\u00e8re<\/title>\n<meta name=\"robots\" content=\"index, follow, max-snippet:-1, max-image-preview:large, max-video-preview:-1\" \/>\n<link rel=\"canonical\" href=\"https:\/\/villacalheta.pt\/en\/presentation\/\" \/>\n<meta property=\"og:locale\" content=\"en_US\" \/>\n<meta property=\"og:type\" content=\"article\" \/>\n<meta property=\"og:title\" content=\"Presentation &#8226; Villa Calheta \u2013 Mad\u00e8re\" \/>\n<meta property=\"og:description\" content=\"Villa Calheta \u2013 Mad\u00e8re Cette authentique villa familiale est situ\u00e9e en plein centre du village de Lajares et vient d\u2019\u00eatre enti\u00e8rement r\u00e9nov\u00e9e. La localisation ultra centrale de cette maison permet de rejoindre le centre de Lajares \u00e0 pied pour profiter de ses nombreux commerces : restaurants, boulangeries, supermarch\u00e9, pharmacie, surf shops, location de VTT, march\u00e9 &hellip; Continue reading Presentation\" \/>\n<meta property=\"og:url\" content=\"https:\/\/villacalheta.pt\/en\/presentation\/\" \/>\n<meta property=\"og:site_name\" content=\"Villa Calheta \u2013 Mad\u00e8re\" \/>\n<meta property=\"article:modified_time\" content=\"2025-10-17T20:09:49+00:00\" \/>\n<meta property=\"og:image\" content=\"https:\/\/villacalheta.pt\/wp-content\/uploads\/2025\/02\/IMG_3194-2-scaled.jpeg\" \/>\n\t<meta property=\"og:image:width\" content=\"2560\" \/>\n\t<meta property=\"og:image:height\" content=\"1921\" \/>\n\t<meta property=\"og:image:type\" content=\"image\/jpeg\" \/>\n<meta name=\"twitter:card\" content=\"summary_large_image\" \/>\n<meta name=\"twitter:label1\" content=\"Est. reading time\" \/>\n\t<meta name=\"twitter:data1\" content=\"1 minute\" \/>\n<script type=\"application\/ld+json\" class=\"yoast-schema-graph\">{\"@context\":\"https:\/\/schema.org\",\"@graph\":[{\"@type\":\"WebPage\",\"@id\":\"https:\/\/villacalheta.pt\/en\/presentation\/\",\"url\":\"https:\/\/villacalheta.pt\/en\/presentation\/\",\"name\":\"Presentation &#8226; Villa Calheta \u2013 Mad\u00e8re\",\"isPartOf\":{\"@id\":\"https:\/\/villacalheta.pt\/en\/#website\"},\"primaryImageOfPage\":{\"@id\":\"https:\/\/villacalheta.pt\/en\/presentation\/#primaryimage\"},\"image\":{\"@id\":\"https:\/\/villacalheta.pt\/en\/presentation\/#primaryimage\"},\"thumbnailUrl\":\"https:\/\/villacalheta.pt\/wp-content\/uploads\/2025\/02\/IMG_3194-2-scaled.jpeg\",\"datePublished\":\"2019-06-22T00:32:02+00:00\",\"dateModified\":\"2025-10-17T20:09:49+00:00\",\"breadcrumb\":{\"@id\":\"https:\/\/villacalheta.pt\/en\/presentation\/#breadcrumb\"},\"inLanguage\":\"en-US\",\"potentialAction\":[{\"@type\":\"ReadAction\",\"target\":[\"https:\/\/villacalheta.pt\/en\/presentation\/\"]}]},{\"@type\":\"ImageObject\",\"inLanguage\":\"en-US\",\"@id\":\"https:\/\/villacalheta.pt\/en\/presentation\/#primaryimage\",\"url\":\"https:\/\/villacalheta.pt\/wp-content\/uploads\/2025\/02\/IMG_3194-2-scaled.jpeg\",\"contentUrl\":\"https:\/\/villacalheta.pt\/wp-content\/uploads\/2025\/02\/IMG_3194-2-scaled.jpeg\",\"width\":2560,\"height\":1921},{\"@type\":\"BreadcrumbList\",\"@id\":\"https:\/\/villacalheta.pt\/en\/presentation\/#breadcrumb\",\"itemListElement\":[{\"@type\":\"ListItem\",\"position\":1,\"name\":\"Home\",\"item\":\"https:\/\/villacalheta.pt\/en\/\"},{\"@type\":\"ListItem\",\"position\":2,\"name\":\"Presentation\"}]},{\"@type\":\"WebSite\",\"@id\":\"https:\/\/villacalheta.pt\/en\/#website\",\"url\":\"https:\/\/villacalheta.pt\/en\/\",\"name\":\"Villa Las palmeras \u2013 Fuerteventura\",\"description\":\"Villa situ\u00e9e dans le sud de Mad\u00e8re, climat cl\u00e9ment et point de d\u00e9part id\u00e9al pour explorer l\u2019ouest de l&#039;\u00eele : Fanal, Seixal, Porto Moniz, Jardim do Mar\u2026\",\"publisher\":{\"@id\":\"https:\/\/villacalheta.pt\/en\/#organization\"},\"potentialAction\":[{\"@type\":\"SearchAction\",\"target\":{\"@type\":\"EntryPoint\",\"urlTemplate\":\"https:\/\/villacalheta.pt\/en\/?s={search_term_string}\"},\"query-input\":{\"@type\":\"PropertyValueSpecification\",\"valueRequired\":true,\"valueName\":\"search_term_string\"}}],\"inLanguage\":\"en-US\"},{\"@type\":\"Organization\",\"@id\":\"https:\/\/villacalheta.pt\/en\/#organization\",\"name\":\"Villa Las palmeras \u2013 Fuerteventura\",\"url\":\"https:\/\/villacalheta.pt\/en\/\",\"logo\":{\"@type\":\"ImageObject\",\"inLanguage\":\"en-US\",\"@id\":\"https:\/\/villacalheta.pt\/en\/#\/schema\/logo\/image\/\",\"url\":\"https:\/\/villalaspalmeras.eu\/wp-content\/uploads\/2025\/02\/logo-palmeras.png\",\"contentUrl\":\"https:\/\/villalaspalmeras.eu\/wp-content\/uploads\/2025\/02\/logo-palmeras.png\",\"width\":340,\"height\":196,\"caption\":\"Villa Las palmeras \u2013 Fuerteventura\"},\"image\":{\"@id\":\"https:\/\/villacalheta.pt\/en\/#\/schema\/logo\/image\/\"}}]}<\/script>\n<!-- \/ Yoast SEO plugin. -->","yoast_head_json":{"title":"Presentation &#8226; Villa Calheta \u2013 Mad\u00e8re","robots":{"index":"index","follow":"follow","max-snippet":"max-snippet:-1","max-image-preview":"max-image-preview:large","max-video-preview":"max-video-preview:-1"},"canonical":"https:\/\/villacalheta.pt\/en\/presentation\/","og_locale":"en_US","og_type":"article","og_title":"Presentation &#8226; Villa Calheta \u2013 Mad\u00e8re","og_description":"Villa Calheta \u2013 Mad\u00e8re Cette authentique villa familiale est situ\u00e9e en plein centre du village de Lajares et vient d\u2019\u00eatre enti\u00e8rement r\u00e9nov\u00e9e. La localisation ultra centrale de cette maison permet de rejoindre le centre de Lajares \u00e0 pied pour profiter de ses nombreux commerces : restaurants, boulangeries, supermarch\u00e9, pharmacie, surf shops, location de VTT, march\u00e9 &hellip; Continue reading Presentation","og_url":"https:\/\/villacalheta.pt\/en\/presentation\/","og_site_name":"Villa Calheta \u2013 Mad\u00e8re","article_modified_time":"2025-10-17T20:09:49+00:00","og_image":[{"width":2560,"height":1921,"url":"https:\/\/villacalheta.pt\/wp-content\/uploads\/2025\/02\/IMG_3194-2-scaled.jpeg","type":"image\/jpeg"}],"twitter_card":"summary_large_image","twitter_misc":{"Est. reading time":"1 minute"},"schema":{"@context":"https:\/\/schema.org","@graph":[{"@type":"WebPage","@id":"https:\/\/villacalheta.pt\/en\/presentation\/","url":"https:\/\/villacalheta.pt\/en\/presentation\/","name":"Presentation &#8226; Villa Calheta \u2013 Mad\u00e8re","isPartOf":{"@id":"https:\/\/villacalheta.pt\/en\/#website"},"primaryImageOfPage":{"@id":"https:\/\/villacalheta.pt\/en\/presentation\/#primaryimage"},"image":{"@id":"https:\/\/villacalheta.pt\/en\/presentation\/#primaryimage"},"thumbnailUrl":"https:\/\/villacalheta.pt\/wp-content\/uploads\/2025\/02\/IMG_3194-2-scaled.jpeg","datePublished":"2019-06-22T00:32:02+00:00","dateModified":"2025-10-17T20:09:49+00:00","breadcrumb":{"@id":"https:\/\/villacalheta.pt\/en\/presentation\/#breadcrumb"},"inLanguage":"en-US","potentialAction":[{"@type":"ReadAction","target":["https:\/\/villacalheta.pt\/en\/presentation\/"]}]},{"@type":"ImageObject","inLanguage":"en-US","@id":"https:\/\/villacalheta.pt\/en\/presentation\/#primaryimage","url":"https:\/\/villacalheta.pt\/wp-content\/uploads\/2025\/02\/IMG_3194-2-scaled.jpeg","contentUrl":"https:\/\/villacalheta.pt\/wp-content\/uploads\/2025\/02\/IMG_3194-2-scaled.jpeg","width":2560,"height":1921},{"@type":"BreadcrumbList","@id":"https:\/\/villacalheta.pt\/en\/presentation\/#breadcrumb","itemListElement":[{"@type":"ListItem","position":1,"name":"Home","item":"https:\/\/villacalheta.pt\/en\/"},{"@type":"ListItem","position":2,"name":"Presentation"}]},{"@type":"WebSite","@id":"https:\/\/villacalheta.pt\/en\/#website","url":"https:\/\/villacalheta.pt\/en\/","name":"Villa Las palmeras \u2013 Fuerteventura","description":"Villa situ\u00e9e dans le sud de Mad\u00e8re, climat cl\u00e9ment et point de d\u00e9part id\u00e9al pour explorer l\u2019ouest de l&#039;\u00eele : Fanal, Seixal, Porto Moniz, Jardim do Mar\u2026","publisher":{"@id":"https:\/\/villacalheta.pt\/en\/#organization"},"potentialAction":[{"@type":"SearchAction","target":{"@type":"EntryPoint","urlTemplate":"https:\/\/villacalheta.pt\/en\/?s={search_term_string}"},"query-input":{"@type":"PropertyValueSpecification","valueRequired":true,"valueName":"search_term_string"}}],"inLanguage":"en-US"},{"@type":"Organization","@id":"https:\/\/villacalheta.pt\/en\/#organization","name":"Villa Las palmeras \u2013 Fuerteventura","url":"https:\/\/villacalheta.pt\/en\/","logo":{"@type":"ImageObject","inLanguage":"en-US","@id":"https:\/\/villacalheta.pt\/en\/#\/schema\/logo\/image\/","url":"https:\/\/villalaspalmeras.eu\/wp-content\/uploads\/2025\/02\/logo-palmeras.png","contentUrl":"https:\/\/villalaspalmeras.eu\/wp-content\/uploads\/2025\/02\/logo-palmeras.png","width":340,"height":196,"caption":"Villa Las palmeras \u2013 Fuerteventura"},"image":{"@id":"https:\/\/villacalheta.pt\/en\/#\/schema\/logo\/image\/"}}]}},"_links":{"self":[{"href":"https:\/\/villacalheta.pt\/en\/wp-json\/wp\/v2\/pages\/8671","targetHints":{"allow":["GET"]}}],"collection":[{"href":"https:\/\/villacalheta.pt\/en\/wp-json\/wp\/v2\/pages"}],"about":[{"href":"https:\/\/villacalheta.pt\/en\/wp-json\/wp\/v2\/types\/page"}],"author":[{"embeddable":true,"href":"https:\/\/villacalheta.pt\/en\/wp-json\/wp\/v2\/users\/1"}],"replies":[{"embeddable":true,"href":"https:\/\/villacalheta.pt\/en\/wp-json\/wp\/v2\/comments?post=8671"}],"version-history":[{"count":31,"href":"https:\/\/villacalheta.pt\/en\/wp-json\/wp\/v2\/pages\/8671\/revisions"}],"predecessor-version":[{"id":10002,"href":"https:\/\/villacalheta.pt\/en\/wp-json\/wp\/v2\/pages\/8671\/revisions\/10002"}],"wp:featuredmedia":[{"embeddable":true,"href":"https:\/\/villacalheta.pt\/en\/wp-json\/wp\/v2\/media\/8484"}],"wp:attachment":[{"href":"https:\/\/villacalheta.pt\/en\/wp-json\/wp\/v2\/media?parent=8671"}],"curies":[{"name":"wp","href":"https:\/\/api.w.org\/{rel}","templated":true}]}}